{"id":243535,"date":"2017-01-13T21:45:48","date_gmt":"2017-01-14T05:45:48","guid":{"rendered":"https:\/\/petalumawetlands.org\/encuestas-de-aves-de-ellis-creek\/"},"modified":"2022-04-06T18:55:04","modified_gmt":"2022-04-06T18:55:04","slug":"encuestas-de-aves-de-ellis-creek","status":"publish","type":"page","link":"https:\/\/petalumawetlands.org\/es\/encuestas-de-aves-de-ellis-creek\/","title":{"rendered":"Encuestas de aves de Ellis Creek"},"content":{"rendered":"<p>[et_pb_section fb_built=\u00bb1&#8243; admin_label=\u00bbsection\u00bb _builder_version=\u00bb3.22.3&#8243;][et_pb_row column_structure=\u00bb1_2,1_2&#8243; padding_mobile=\u00bboff\u00bb column_padding_mobile=\u00bbon\u00bb admin_label=\u00bbFila\u00bb _builder_version=\u00bb3.25&#8243; background_size=\u00bbinitial\u00bb background_position=\u00bbtop_left\u00bb background_repeat=\u00bbrepeat\u00bb make_fullwidth=\u00bboff\u00bb use_custom_width=\u00bbon\u00bb width_unit=\u00bbon\u00bb][et_pb_column type=\u00bb1_2&#8243; _builder_version=\u00bb3.25&#8243; custom_padding=\u00bb|||\u00bb custom_padding__hover=\u00bb|||\u00bb][et_pb_cta admin_label=\u00bbEllis Creek Surveys\u00bb _builder_version=\u00bb3.16&#8243; header_font=\u00bbOpen Sans|||on|\u00bb header_text_color=\u00bb#494949&#8243; header_font_size=\u00bb44&#8243; header_line_height=\u00bb1.4em\u00bb body_font=\u00bbOpen Sans||||\u00bb body_font_size=\u00bb16&#8243; body_line_height=\u00bb1.5em\u00bb use_background_color=\u00bboff\u00bb background_size=\u00bbinitial\u00bb background_position=\u00bbtop_left\u00bb background_repeat=\u00bbrepeat\u00bb background_layout=\u00bblight\u00bb custom_margin=\u00bb||0px|\u00bb custom_padding=\u00bb||0px|\u00bb header_font_size_tablet=\u00bb40&#8243; header_font_size_phone=\u00bb30&#8243; header_font_size_last_edited=\u00bbon|desktop\u00bb custom_css_promo_title=\u00bbfont-weight: 800;\u00bb use_border_color=\u00bboff\u00bb border_color=\u00bb#ffffff\u00bb border_style=\u00bbsolid\u00bb button_letter_spacing_hover=\u00bb0&#8243; button_text_size__hover_enabled=\u00bboff\u00bb button_one_text_size__hover_enabled=\u00bboff\u00bb button_two_text_size__hover_enabled=\u00bboff\u00bb button_text_color__hover_enabled=\u00bboff\u00bb button_one_text_color__hover_enabled=\u00bboff\u00bb button_two_text_color__hover_enabled=\u00bboff\u00bb button_border_width__hover_enabled=\u00bboff\u00bb button_one_border_width__hover_enabled=\u00bboff\u00bb button_two_border_width__hover_enabled=\u00bboff\u00bb button_border_color__hover_enabled=\u00bboff\u00bb button_one_border_color__hover_enabled=\u00bboff\u00bb button_two_border_color__hover_enabled=\u00bboff\u00bb button_border_radius__hover_enabled=\u00bboff\u00bb button_one_border_radius__hover_enabled=\u00bboff\u00bb button_two_border_radius__hover_enabled=\u00bboff\u00bb button_letter_spacing__hover_enabled=\u00bbon\u00bb button_letter_spacing__hover=\u00bb0&#8243; button_one_letter_spacing__hover_enabled=\u00bboff\u00bb button_two_letter_spacing__hover_enabled=\u00bboff\u00bb button_bg_color__hover_enabled=\u00bboff\u00bb button_one_bg_color__hover_enabled=\u00bboff\u00bb button_two_bg_color__hover_enabled=\u00bboff\u00bb]<\/p>\n<h2><span style=\"color: #af7d58;\">Encuestas de aves de<\/span> Ellis Creek<\/h2>\n<p>[\/et_pb_cta][et_pb_image src=\u00bbhttps:\/\/petalumawetlands.org\/wp-content\/uploads\/2019\/06\/Great-Blue-Heron-5.24.19-Ellis-Creek.jpg\u00bb align=\u00bbcenter\u00bb _builder_version=\u00bb3.25.2&#8243; width=\u00bb90%\u00bb][\/et_pb_image][\/et_pb_column][et_pb_column type=\u00bb1_2&#8243; _builder_version=\u00bb3.25&#8243; custom_padding=\u00bb|||\u00bb custom_padding__hover=\u00bb|||\u00bb][et_pb_text admin_label=\u00bbIn addition to preserving habitats,\u00bb _builder_version=\u00bb3.27.4&#8243; text_text_color=\u00bb#666666&#8243; text_font_size=\u00bb16&#8243; background_size=\u00bbinitial\u00bb background_position=\u00bbtop_left\u00bb background_repeat=\u00bbrepeat\u00bb use_border_color=\u00bboff\u00bb border_color=\u00bb#ffffff\u00bb border_style=\u00bbsolid\u00bb]<span class='et-dropcap'>En<\/span> enero de 2010, PWA comenz\u00f3 una encuesta mensual de aves vistas desde los senderos de la Instalaci\u00f3n de Reciclaje de Agua de Ellis Creek. El objetivo era establecer qu\u00e9 especies estaban presentes, en qu\u00e9 n\u00fameros y en qu\u00e9 estaciones. Mientras la observaci\u00f3n se llevara a cabo desde el sistema de senderos, cada ave vista fue registrada, ya sea en el parque, volando por encima de la cabeza, o incluso fuera del parque. Los datos se utilizar\u00e1n para ayudar a evaluar la calidad del h\u00e1bitat en Ellis Creek, as\u00ed como para proporcionar informaci\u00f3n sobre la estabilidad de nuestras poblaciones de aves migratorias.<\/p>\n<p>Los l\u00edderes del equipo de encuestas de aves son Gene Hunn, Andy LaCasse, Richard Merriss, Ruth Rudesill y Ron Storey. Len Nelson coordina el esfuerzo y compila las estad\u00edsticas, y la hoja de c\u00e1lculo de Excel de estas observaciones se puede obtener enviando un correo electr\u00f3nico a Len a lennelsn@comcast.net.[\/et_pb_text][et_pb_code admin_label=\u00bbC\u00f3digo\u00bb _builder_version=\u00bb3.25.2&#8243;]<\/p>\n<div class=\"tg-wrap\">\n<table class=\"tg\"><!-- [et_pb_line_break_holder] --><\/p>\n<table class=\"tg\"><!-- [et_pb_line_break_holder] -->  <\/p>\n<tr><!-- [et_pb_line_break_holder] -->    <\/p>\n<th class=\"tg-blue\">A\u00f1o<\/th>\n<p><!-- [et_pb_line_break_holder] --> <\/p>\n<th class=\"tg-blue\">Resultados<\/th>\n<p>    <!-- [et_pb_line_break_holder] -->  <\/tr>\n<p><!-- [et_pb_line_break_holder] -->  <\/p>\n<tr><!-- [et_pb_line_break_holder] -->    <\/p>\n<td class=\"tg-white\">Resultados de la encuesta mensual del primer a\u00f1o, que finaliz\u00f3 el 12 de diciembre de 2010:<\/td>\n<p><!-- [et_pb_line_break_holder] --> <\/p>\n<td class=\"tg-white\">Se identificaron 128 especies en un recuento total de 22.999<\/td>\n<p>    <!-- [et_pb_line_break_holder] -->  <\/tr>\n<p><!-- [et_pb_line_break_holder] -->  <\/p>\n<tr><!-- [et_pb_line_break_holder] -->    <\/p>\n<td class=\"tg-grey\">Resultados de la encuesta bimestral del segundo a\u00f1o, que finaliz\u00f3 el 15 de noviembre de 2011:<\/td>\n<p><!-- [et_pb_line_break_holder] --> <\/p>\n<td class=\"tg-grey\">Se identificaron 129 especies en un recuento total de 11.865<\/td>\n<p>    <!-- [et_pb_line_break_holder] -->  <\/tr>\n<p><!-- [et_pb_line_break_holder] -->  <\/p>\n<tr><!-- [et_pb_line_break_holder] -->    <\/p>\n<td class=\"tg-white\">Resultados de la encuesta bimestral del tercer a\u00f1o, que finaliz\u00f3 el 19 de noviembre de 2012:<\/td>\n<p><!-- [et_pb_line_break_holder] --> <\/p>\n<td class=\"tg-white\">Se identificaron 125 especies en un recuento total de 15.203<\/td>\n<p>    <!-- [et_pb_line_break_holder] -->  <\/tr>\n<p><!-- [et_pb_line_break_holder] -->  <\/p>\n<tr><!-- [et_pb_line_break_holder] -->    <\/p>\n<td class=\"tg-grey\">Resultados de la encuesta bimestral del cuarto a\u00f1o, que finaliz\u00f3 el 8 de noviembre de 2013:<\/td>\n<p><!-- [et_pb_line_break_holder] --> <\/p>\n<td class=\"tg-grey\">Se identificaron 117 especies en un recuento total de 30.731<\/td>\n<p>    <!-- [et_pb_line_break_holder] -->  <\/tr>\n<p><!-- [et_pb_line_break_holder] -->  <\/p>\n<tr><!-- [et_pb_line_break_holder] -->    <\/p>\n<td class=\"tg-white\">Resultados de la encuesta bimestral del quinto a\u00f1o, que finaliz\u00f3 el 21 de noviembre de 2014:<\/td>\n<p><!-- [et_pb_line_break_holder] --> <\/p>\n<td class=\"tg-white\">Se identificaron 129 especies en un recuento total de 16.789<\/td>\n<p>    <!-- [et_pb_line_break_holder] -->  <\/tr>\n<p><!-- [et_pb_line_break_holder] -->  <\/p>\n<tr><!-- [et_pb_line_break_holder] -->    <\/p>\n<td class=\"tg-grey\">Resultados de la encuesta bimestral del sexto a\u00f1o, que finaliz\u00f3 el 18 de noviembre de 2015:<\/td>\n<p><!-- [et_pb_line_break_holder] --> <\/p>\n<td class=\"tg-grey\">Se identificaron 129 especies en un recuento total de 71.809<\/td>\n<p>    <!-- [et_pb_line_break_holder] -->  <\/tr>\n<p><!-- [et_pb_line_break_holder] -->  <\/p>\n<tr><!-- [et_pb_line_break_holder] -->    <\/p>\n<td class=\"tg-white\">Resultados de la s\u00e9ptima encuesta bimestral, que finaliz\u00f3 el 14 de noviembre de 2016:<\/td>\n<p><!-- [et_pb_line_break_holder] --> <\/p>\n<td class=\"tg-white\">Se identificaron 123 especies en un recuento total de 10.614<\/td>\n<p>    <!-- [et_pb_line_break_holder] -->  <\/tr>\n<p><!-- [et_pb_line_break_holder] --><\/table>\n<\/div>\n<p>[\/et_pb_code][\/et_pb_column][\/et_pb_row][et_pb_row admin_label=\u00bbFila\u00bb _builder_version=\u00bb3.25&#8243; background_size=\u00bbinitial\u00bb background_position=\u00bbtop_left\u00bb background_repeat=\u00bbrepeat\u00bb][et_pb_column type=\u00bb4_4&#8243; _builder_version=\u00bb3.25&#8243; custom_padding=\u00bb|||\u00bb custom_padding__hover=\u00bb|||\u00bb][et_pb_image src=\u00bbhttps:\/\/petalumawetlands.org\/wp-content\/uploads\/2016\/12\/bird-5.jpg\u00bb show_bottom_space=\u00bboff\u00bb align=\u00bbcenter\u00bb align_tablet=\u00bbcenter\u00bb align_phone=\u00bb\u00bb align_last_edited=\u00bbon|desktop\u00bb admin_label=\u00bbImage\u00bb _builder_version=\u00bb4.0.9&#8243; animation_style=\u00bbslide\u00bb animation_direction=\u00bbleft\u00bb animation_duration=\u00bb500ms\u00bb animation_intensity_slide=\u00bb10%\u00bb hover_enabled=\u00bb0&#8243; custom_css_main_element=\u00bbposition: relative;||top: 40px; \/* positions the icon over the line *\/||z-index: 999; \/* positions the icon on top of the line *\/||opacity:1!important; \/*solves missing image problem*\/||padding:0 10px; \u00bb use_border_color=\u00bboff\u00bb border_color=\u00bb#ffffff\u00bb border_style=\u00bbsolid\u00bb animation=\u00bbtop\u00bb sticky=\u00bbon\u00bb always_center_on_mobile=\u00bbon\u00bb][\/et_pb_image][et_pb_divider color=\u00bb#cccccc\u00bb disabled_on=\u00bbon|on|off\u00bb admin_label=\u00bbDivider\u00bb _builder_version=\u00bb3.2&#8243; hide_on_mobile=\u00bbon\u00bb][\/et_pb_divider][\/et_pb_column][\/et_pb_row][\/et_pb_section]<\/p>\n","protected":false},"excerpt":{"rendered":"<p>Encuestas de aves de Ellis Creek <span class='et-dropcap'>En<\/span> enero de 2010, PWA comenz\u00f3 una encuesta mensual de aves vistas desde los senderos de la Instalaci\u00f3n de Reciclaje de Agua de Ellis Creek. El objetivo era establecer qu\u00e9 especies estaban presentes, en qu\u00e9 n\u00fameros y en qu\u00e9 estaciones. Mientras la observaci\u00f3n se llevara a cabo desde el [&hellip;]<\/p>\n","protected":false},"author":2,"featured_media":0,"parent":0,"menu_order":0,"comment_status":"closed","ping_status":"closed","template":"","meta":{"give_campaign_id":0,"_et_pb_use_builder":"on","_et_pb_old_content":"","_et_gb_content_width":"","ngg_post_thumbnail":0,"footnotes":""},"class_list":["post-243535","page","type-page","status-publish","hentry"],"campaignId":"","_links":{"self":[{"href":"https:\/\/petalumawetlands.org\/es\/wp-json\/wp\/v2\/pages\/243535","targetHints":{"allow":["GET"]}}],"collection":[{"href":"https:\/\/petalumawetlands.org\/es\/wp-json\/wp\/v2\/pages"}],"about":[{"href":"https:\/\/petalumawetlands.org\/es\/wp-json\/wp\/v2\/types\/page"}],"author":[{"embeddable":true,"href":"https:\/\/petalumawetlands.org\/es\/wp-json\/wp\/v2\/users\/2"}],"replies":[{"embeddable":true,"href":"https:\/\/petalumawetlands.org\/es\/wp-json\/wp\/v2\/comments?post=243535"}],"version-history":[{"count":0,"href":"https:\/\/petalumawetlands.org\/es\/wp-json\/wp\/v2\/pages\/243535\/revisions"}],"wp:attachment":[{"href":"https:\/\/petalumawetlands.org\/es\/wp-json\/wp\/v2\/media?parent=243535"}],"curies":[{"name":"wp","href":"https:\/\/api.w.org\/{rel}","templated":true}]}}