{"id":243533,"date":"2017-01-13T17:24:39","date_gmt":"2017-01-13T17:24:39","guid":{"rendered":"https:\/\/petalumawetlands.org\/la-vida-en-nuestros-humedales\/plantas\/"},"modified":"2022-04-06T18:55:03","modified_gmt":"2022-04-06T18:55:03","slug":"plantas","status":"publish","type":"page","link":"https:\/\/petalumawetlands.org\/es\/la-vida-en-nuestros-humedales\/plantas\/","title":{"rendered":"Plantas"},"content":{"rendered":"<p>[et_pb_section fb_built=\u00bb1&#8243; admin_label=\u00bbsection\u00bb _builder_version=\u00bb3.22&#8243; custom_padding=\u00bb||50px|\u00bb][et_pb_row padding_mobile=\u00bboff\u00bb make_equal=\u00bbon\u00bb column_padding_mobile=\u00bbon\u00bb _builder_version=\u00bb3.25&#8243; background_size=\u00bbinitial\u00bb background_position=\u00bbtop_left\u00bb background_repeat=\u00bbrepeat\u00bb][et_pb_column type=\u00bb4_4&#8243; _builder_version=\u00bb3.25&#8243; custom_padding=\u00bb|||\u00bb custom_padding__hover=\u00bb|||\u00bb][et_pb_cta admin_label=\u00bbPlants in Our Local Wetlands\u00bb _builder_version=\u00bb3.16&#8243; header_font=\u00bbOpen Sans|||on|\u00bb header_text_color=\u00bb#494949&#8243; header_font_size=\u00bb44&#8243; header_line_height=\u00bb1.4em\u00bb body_font=\u00bbOpen Sans||||\u00bb body_font_size=\u00bb16&#8243; body_line_height=\u00bb1.5em\u00bb use_background_color=\u00bboff\u00bb background_size=\u00bbinitial\u00bb background_position=\u00bbtop_left\u00bb background_repeat=\u00bbrepeat\u00bb background_layout=\u00bblight\u00bb custom_margin=\u00bb||0px|\u00bb custom_padding=\u00bb||0px|\u00bb header_font_size_tablet=\u00bb40&#8243; header_font_size_phone=\u00bb30&#8243; header_font_size_last_edited=\u00bbon|desktop\u00bb custom_css_promo_title=\u00bbfont-weight: 800;\u00bb saved_tabs=\u00bball\u00bb button_text_size__hover_enabled=\u00bboff\u00bb button_one_text_size__hover_enabled=\u00bboff\u00bb button_two_text_size__hover_enabled=\u00bboff\u00bb button_text_color__hover_enabled=\u00bboff\u00bb button_one_text_color__hover_enabled=\u00bboff\u00bb button_two_text_color__hover_enabled=\u00bboff\u00bb button_border_width__hover_enabled=\u00bboff\u00bb button_one_border_width__hover_enabled=\u00bboff\u00bb button_two_border_width__hover_enabled=\u00bboff\u00bb button_border_color__hover_enabled=\u00bboff\u00bb button_one_border_color__hover_enabled=\u00bboff\u00bb button_two_border_color__hover_enabled=\u00bboff\u00bb button_border_radius__hover_enabled=\u00bboff\u00bb button_one_border_radius__hover_enabled=\u00bboff\u00bb button_two_border_radius__hover_enabled=\u00bboff\u00bb button_letter_spacing__hover_enabled=\u00bboff\u00bb button_one_letter_spacing__hover_enabled=\u00bboff\u00bb button_two_letter_spacing__hover_enabled=\u00bboff\u00bb button_bg_color__hover_enabled=\u00bboff\u00bb button_one_bg_color__hover_enabled=\u00bboff\u00bb button_two_bg_color__hover_enabled=\u00bboff\u00bb]<\/p>\n<h2>Plantas en nuestros <span style=\"color: #af7d58;\">humedales locales<\/span><\/h2>\n<p>[\/et_pb_cta][\/et_pb_column][\/et_pb_row][et_pb_row column_structure=\u00bb1_2,1_2&#8243; use_custom_gutter=\u00bbon\u00bb gutter_width=\u00bb3&#8243; padding_mobile=\u00bboff\u00bb make_equal=\u00bbon\u00bb disabled_on=\u00bbon|on|off\u00bb _builder_version=\u00bb4.0.9&#8243; background_size=\u00bbinitial\u00bb background_position=\u00bbtop_left\u00bb background_repeat=\u00bbrepeat\u00bb width=\u00bb75%\u00bb module_alignment=\u00bbcenter\u00bb custom_padding=\u00bb||2%|\u00bb use_custom_width=\u00bbon\u00bb][et_pb_column type=\u00bb1_2&#8243; _builder_version=\u00bb4.0.9&#8243; custom_padding=\u00bb|||\u00bb custom_padding__hover=\u00bb|||\u00bb][et_pb_text admin_label=\u00bbNative plants are managed\u00bb _builder_version=\u00bb3.27.4&#8243; text_text_color=\u00bb#333333&#8243; text_font_size=\u00bb16&#8243; background_size=\u00bbinitial\u00bb background_position=\u00bbtop_left\u00bb background_repeat=\u00bbrepeat\u00bb custom_margin=\u00bb||42px|\u00bb custom_padding=\u00bb20px|24px|20px|24px\u00bb text_font_size_last_edited=\u00bboff|phone\u00bb custom_css_main_element=\u00bbfont-weight:300;\u00bb border_width_all=\u00bb0px\u00bb border_color_all=\u00bb#cccccc\u00bb border_style_all=\u00bbsolid\u00bb use_border_color=\u00bbon\u00bb border_color=\u00bb#cccccc\u00bb]<span class='et-dropcap'>Las plantas nativas<\/span> son manejadas y restauradas por la Alianza de Humedales de Petaluma de forma continua. Ha sido un \u00e9xito singular en nuestro plan general de restauraci\u00f3n de humedales.<br \/>\n[\/et_pb_text][et_pb_text admin_label=\u00bbPlant Galleries\u00bb _builder_version=\u00bb3.27.4&#8243; text_font=\u00bbMontserrat|on|||\u00bb text_font_size=\u00bb30&#8243; text_line_height=\u00bb1.3em\u00bb background_size=\u00bbinitial\u00bb background_position=\u00bbtop_left\u00bb background_repeat=\u00bbrepeat\u00bb custom_padding=\u00bb4px||0px|20px\u00bb text_font_size_tablet=\u00bb24&#8243; text_font_size_phone=\u00bb\u00bb text_font_size_last_edited=\u00bbon|desktop\u00bb custom_css_main_element=\u00bbfont-weight:500;||||\u00bb border_width_all=\u00bb0px\u00bb border_color_all=\u00bb#cccccc\u00bb border_style_all=\u00bbsolid\u00bb use_border_color=\u00bbon\u00bb border_color=\u00bb#cccccc\u00bb saved_tabs=\u00bball\u00bb]Galer\u00edas de plantas<br \/>\n[\/et_pb_text][et_pb_text admin_label=\u00bbGalleries\u00bb _builder_version=\u00bb3.27.4&#8243; saved_tabs=\u00bball\u00bb]ngg_shortcode_0_placeholder<br \/>\n[\/et_pb_text][\/et_pb_column][et_pb_column type=\u00bb1_2&#8243; module_class=\u00bbimg-circle\u00bb _builder_version=\u00bb3.25&#8243; background_image=\u00bbhttps:\/\/petalumawetlands.org\/wp-content\/uploads\/2016\/12\/catails_0008sq.png\u00bb custom_padding=\u00bb10px|||\u00bb custom_css_main_element=\u00bbborder:1px solid #ccc;||background-size:contain;||background-repeat:no-repeat;||width:300px!important;||height:300px;||float:right;||\u00bb custom_padding__hover=\u00bb|||\u00bb][et_pb_number_counter title=\u00bbN\u00famero de especies vegetales identificadas en los humedales de Petaluma\u00bb number=\u00bb136&#8243; percent_sign=\u00bboff\u00bb _builder_version=\u00bb4.0.9&#8243; title_font=\u00bbOpen Sans||||\u00bb number_font=\u00bbOpen Sans|on|||\u00bb number_text_color=\u00bb#a5733d\u00bb background_size=\u00bbinitial\u00bb background_position=\u00bbtop_left\u00bb background_repeat=\u00bbrepeat\u00bb custom_padding=\u00bb35px|5px||5px\u00bb custom_padding_tablet=\u00bb35px|5px||5px\u00bb custom_padding_phone=\u00bb35px|5px||5px\u00bb custom_css_main_element=\u00bbfont-weight:800!important;||color:#af7d58!important;||||||\u00bb custom_css_number_counter_title=\u00bbfont-style:normal;||font-weight:400;||background:rgba(255, 254, 254, 0.63);||padding:10px 0;\u00bb use_border_color=\u00bboff\u00bb border_color=\u00bb#cccccc\u00bb border_style=\u00bbsolid\u00bb global_module=\u00bb30124&#8243; saved_tabs=\u00bball\u00bb][\/et_pb_number_counter][et_pb_text admin_label=\u00bbPlant list available\u00bb _builder_version=\u00bb3.0.74&#8243; text_font=\u00bb||||\u00bb text_font_size=\u00bb15&#8243; header_font=\u00bb||||\u00bb background_size=\u00bbinitial\u00bb background_position=\u00bbtop_left\u00bb background_repeat=\u00bbrepeat\u00bb text_orientation=\u00bbcenter\u00bb module_alignment=\u00bbcenter\u00bb custom_margin=\u00bb110px|||\u00bb custom_margin_tablet=\u00bb110px|||\u00bb custom_margin_phone=\u00bb110px|||\u00bb text_font_size_tablet=\u00bb15&#8243; text_font_size_phone=\u00bb15&#8243; text_letter_spacing_tablet=\u00bb0px\u00bb text_letter_spacing_phone=\u00bb0px\u00bb text_line_height_tablet=\u00bb1.7em\u00bb text_line_height_phone=\u00bb1.7em\u00bb header_font_size_tablet=\u00bb30px\u00bb header_font_size_phone=\u00bb30px\u00bb header_letter_spacing_tablet=\u00bb0px\u00bb header_letter_spacing_phone=\u00bb0px\u00bb header_line_height_tablet=\u00bb1em\u00bb header_line_height_phone=\u00bb1em\u00bb global_module=\u00bb32692&#8243; saved_tabs=\u00bball\u00bb]<\/p>\n<p>Complete plant lists in <a href=\"https:\/\/petalumawetlands.org\/wp-content\/uploads\/2018\/11\/Plant-list-for-web-V03.pdf\"><i class=\"fa fa-file-pdf-o\" aria-hidden=\"true\" style=\"color: red;\">\u00a0\u00a0PDF<\/i><\/a>\u00a0and \u00a0<a href=\"https:\/\/petalumawetlands.org\/wp-content\/uploads\/2018\/11\/Plant-list-for-web-V03.xlsx\"><i class=\"fa fa-file-excel-o\" aria-hidden=\"true\" style=\"color: blue;\"><\/i>\u00a0Excel<\/a> available for download.<\/p>\n<p>[\/et_pb_text][\/et_pb_column][\/et_pb_row][et_pb_row use_custom_gutter=\u00bbon\u00bb gutter_width=\u00bb3&#8243; padding_mobile=\u00bboff\u00bb make_equal=\u00bbon\u00bb disabled_on=\u00bboff|off|on\u00bb _builder_version=\u00bb4.0.9&#8243; background_size=\u00bbinitial\u00bb background_position=\u00bbtop_left\u00bb background_repeat=\u00bbrepeat\u00bb width=\u00bb75%\u00bb module_alignment=\u00bbcenter\u00bb custom_margin=\u00bb||85px||false|false\u00bb custom_padding=\u00bb||2%|\u00bb hover_enabled=\u00bb0&#8243; use_custom_width=\u00bbon\u00bb][et_pb_column type=\u00bb4_4&#8243; module_class=\u00bbimg-circle\u00bb _builder_version=\u00bb4.0.9&#8243; background_image=\u00bbhttps:\/\/petalumawetlands.org\/wp-content\/uploads\/2016\/12\/catails_0008sq150.png\u00bb background_size=\u00bbcontain\u00bb custom_padding=\u00bb|||\u00bb hover_enabled=\u00bb0&#8243; custom_css_main_element=\u00bbborder:1px solid #ccc;||background-size:contain;||background-repeat:no-repeat;||width:300px!important;||height:300px;||float:right;||\u00bb custom_padding__hover=\u00bb|||\u00bb][et_pb_number_counter title=\u00bbN\u00famero de especies vegetales identificadas en los humedales de Petaluma\u00bb number=\u00bb136&#8243; percent_sign=\u00bboff\u00bb _builder_version=\u00bb4.0.9&#8243; title_font=\u00bbOpen Sans||||\u00bb number_font=\u00bbOpen Sans|on|||\u00bb number_text_color=\u00bb#a5733d\u00bb background_size=\u00bbinitial\u00bb background_position=\u00bbtop_left\u00bb background_repeat=\u00bbrepeat\u00bb custom_padding=\u00bb35px|5px||5px\u00bb custom_padding_tablet=\u00bb35px|5px||5px\u00bb custom_padding_phone=\u00bb35px|5px||5px\u00bb custom_css_main_element=\u00bbfont-weight:800!important;||color:#af7d58!important;||||||\u00bb custom_css_number_counter_title=\u00bbfont-style:normal;||font-weight:400;||background:rgba(255, 254, 254, 0.63);||padding:10px 0;\u00bb use_border_color=\u00bboff\u00bb border_color=\u00bb#cccccc\u00bb border_style=\u00bbsolid\u00bb global_module=\u00bb30124&#8243; saved_tabs=\u00bball\u00bb][\/et_pb_number_counter][et_pb_text admin_label=\u00bbPlant list available\u00bb _builder_version=\u00bb3.0.74&#8243; text_font=\u00bb||||\u00bb text_font_size=\u00bb15&#8243; header_font=\u00bb||||\u00bb background_size=\u00bbinitial\u00bb background_position=\u00bbtop_left\u00bb background_repeat=\u00bbrepeat\u00bb text_orientation=\u00bbcenter\u00bb module_alignment=\u00bbcenter\u00bb custom_margin=\u00bb110px|||\u00bb custom_margin_tablet=\u00bb110px|||\u00bb custom_margin_phone=\u00bb110px|||\u00bb text_font_size_tablet=\u00bb15&#8243; text_font_size_phone=\u00bb15&#8243; text_letter_spacing_tablet=\u00bb0px\u00bb text_letter_spacing_phone=\u00bb0px\u00bb text_line_height_tablet=\u00bb1.7em\u00bb text_line_height_phone=\u00bb1.7em\u00bb header_font_size_tablet=\u00bb30px\u00bb header_font_size_phone=\u00bb30px\u00bb header_letter_spacing_tablet=\u00bb0px\u00bb header_letter_spacing_phone=\u00bb0px\u00bb header_line_height_tablet=\u00bb1em\u00bb header_line_height_phone=\u00bb1em\u00bb global_module=\u00bb32692&#8243; saved_tabs=\u00bball\u00bb]<\/p>\n<p>Complete plant lists in <a href=\"https:\/\/petalumawetlands.org\/wp-content\/uploads\/2018\/11\/Plant-list-for-web-V03.pdf\"><i class=\"fa fa-file-pdf-o\" aria-hidden=\"true\" style=\"color: red;\">\u00a0\u00a0PDF<\/i><\/a>\u00a0and \u00a0<a href=\"https:\/\/petalumawetlands.org\/wp-content\/uploads\/2018\/11\/Plant-list-for-web-V03.xlsx\"><i class=\"fa fa-file-excel-o\" aria-hidden=\"true\" style=\"color: blue;\"><\/i>\u00a0Excel<\/a> available for download.<\/p>\n<p>[\/et_pb_text][\/et_pb_column][\/et_pb_row][et_pb_row use_custom_gutter=\u00bbon\u00bb gutter_width=\u00bb3&#8243; padding_mobile=\u00bboff\u00bb make_equal=\u00bbon\u00bb disabled_on=\u00bboff|off|on\u00bb _builder_version=\u00bb4.0.9&#8243; background_size=\u00bbinitial\u00bb background_position=\u00bbtop_left\u00bb background_repeat=\u00bbrepeat\u00bb width=\u00bb75%\u00bb module_alignment=\u00bbcenter\u00bb custom_padding=\u00bb||2%|\u00bb use_custom_width=\u00bbon\u00bb][et_pb_column type=\u00bb4_4&#8243; _builder_version=\u00bb4.0.9&#8243; custom_padding=\u00bb|||\u00bb custom_padding__hover=\u00bb|||\u00bb][et_pb_text admin_label=\u00bbNative plants are managed\u00bb _builder_version=\u00bb3.27.4&#8243; text_text_color=\u00bb#333333&#8243; text_font_size=\u00bb16&#8243; background_size=\u00bbinitial\u00bb background_position=\u00bbtop_left\u00bb background_repeat=\u00bbrepeat\u00bb custom_margin=\u00bb||42px|\u00bb custom_padding=\u00bb20px|24px|20px|24px\u00bb text_font_size_last_edited=\u00bboff|phone\u00bb custom_css_main_element=\u00bbfont-weight:300;\u00bb border_width_all=\u00bb0px\u00bb border_color_all=\u00bb#cccccc\u00bb border_style_all=\u00bbsolid\u00bb use_border_color=\u00bbon\u00bb border_color=\u00bb#cccccc\u00bb]<span class='et-dropcap'>Las plantas nativas<\/span> son manejadas y restauradas por la Alianza de Humedales de Petaluma de forma continua. Ha sido un \u00e9xito singular en nuestro plan general de restauraci\u00f3n de humedales.<br \/>\n[\/et_pb_text][et_pb_text admin_label=\u00bbPlant Galleries\u00bb _builder_version=\u00bb3.27.4&#8243; text_font=\u00bbMontserrat|on|||\u00bb text_font_size=\u00bb30&#8243; text_line_height=\u00bb1.3em\u00bb background_size=\u00bbinitial\u00bb background_position=\u00bbtop_left\u00bb background_repeat=\u00bbrepeat\u00bb custom_padding=\u00bb4px||0px|20px\u00bb text_font_size_tablet=\u00bb24&#8243; text_font_size_phone=\u00bb\u00bb text_font_size_last_edited=\u00bbon|desktop\u00bb custom_css_main_element=\u00bbfont-weight:500;||||\u00bb border_width_all=\u00bb0px\u00bb border_color_all=\u00bb#cccccc\u00bb border_style_all=\u00bbsolid\u00bb use_border_color=\u00bbon\u00bb border_color=\u00bb#cccccc\u00bb saved_tabs=\u00bball\u00bb]Galer\u00edas de plantas<br \/>\n[\/et_pb_text][et_pb_text admin_label=\u00bbGalleries\u00bb _builder_version=\u00bb3.27.4&#8243; saved_tabs=\u00bball\u00bb]ngg_shortcode_1_placeholder<br \/>\n[\/et_pb_text][\/et_pb_column][\/et_pb_row][\/et_pb_section]<\/p>\n","protected":false},"excerpt":{"rendered":"<p>Plantas en nuestros humedales locales <span class='et-dropcap'>Las plantas nativas<\/span> son manejadas y restauradas por la Alianza de Humedales de Petaluma de forma continua. Ha sido un \u00e9xito singular en nuestro plan general de restauraci\u00f3n de humedales. Galer\u00edas de plantas <\/p>\n","protected":false},"author":2,"featured_media":0,"parent":243522,"menu_order":0,"comment_status":"closed","ping_status":"closed","template":"","meta":{"give_campaign_id":0,"_et_pb_use_builder":"on","_et_pb_old_content":"","_et_gb_content_width":"","ngg_post_thumbnail":0,"footnotes":""},"class_list":["post-243533","page","type-page","status-publish","hentry"],"campaignId":"","_links":{"self":[{"href":"https:\/\/petalumawetlands.org\/es\/wp-json\/wp\/v2\/pages\/243533","targetHints":{"allow":["GET"]}}],"collection":[{"href":"https:\/\/petalumawetlands.org\/es\/wp-json\/wp\/v2\/pages"}],"about":[{"href":"https:\/\/petalumawetlands.org\/es\/wp-json\/wp\/v2\/types\/page"}],"author":[{"embeddable":true,"href":"https:\/\/petalumawetlands.org\/es\/wp-json\/wp\/v2\/users\/2"}],"replies":[{"embeddable":true,"href":"https:\/\/petalumawetlands.org\/es\/wp-json\/wp\/v2\/comments?post=243533"}],"version-history":[{"count":0,"href":"https:\/\/petalumawetlands.org\/es\/wp-json\/wp\/v2\/pages\/243533\/revisions"}],"up":[{"embeddable":true,"href":"https:\/\/petalumawetlands.org\/es\/wp-json\/wp\/v2\/pages\/243522"}],"wp:attachment":[{"href":"https:\/\/petalumawetlands.org\/es\/wp-json\/wp\/v2\/media?parent=243533"}],"curies":[{"name":"wp","href":"https:\/\/api.w.org\/{rel}","templated":true}]}}