{"id":243514,"date":"2021-07-01T23:26:52","date_gmt":"2021-07-02T06:26:52","guid":{"rendered":"https:\/\/petalumawetlands.org\/dragado\/"},"modified":"2022-04-06T18:50:42","modified_gmt":"2022-04-06T18:50:42","slug":"dragado","status":"publish","type":"page","link":"https:\/\/petalumawetlands.org\/es\/dragado\/","title":{"rendered":"Dragado"},"content":{"rendered":"<p>[et_pb_section fb_built=\u00bb1&#8243; admin_label=\u00bbsection\u00bb _builder_version=\u00bb3.22&#8243;][et_pb_row _builder_version=\u00bb3.25&#8243; custom_margin=\u00bb||0px\u00bb custom_padding=\u00bb||0px\u00bb][et_pb_column type=\u00bb4_4&#8243; _builder_version=\u00bb3.25&#8243; custom_padding=\u00bb|||\u00bb custom_padding__hover=\u00bb|||\u00bb][et_pb_cta admin_label=\u00bbDredging title\u00bb _builder_version=\u00bb4.9.7&#8243; header_font=\u00bbOpen Sans|||on|\u00bb header_text_color=\u00bb#494949&#8243; header_font_size=\u00bb44&#8243; header_line_height=\u00bb1.4em\u00bb body_font=\u00bbOpen Sans||||\u00bb body_font_size=\u00bb16&#8243; body_line_height=\u00bb1.5em\u00bb use_background_color=\u00bboff\u00bb background_size=\u00bbinitial\u00bb background_position=\u00bbtop_left\u00bb background_repeat=\u00bbrepeat\u00bb background_layout=\u00bblight\u00bb custom_margin=\u00bb||0px|\u00bb custom_padding=\u00bb||0px|\u00bb header_font_size_tablet=\u00bb40&#8243; header_font_size_phone=\u00bb30&#8243; header_font_size_last_edited=\u00bbon|desktop\u00bb custom_css_promo_title=\u00bbfont-weight: 800;\u00bb use_border_color=\u00bboff\u00bb border_color=\u00bb#ffffff\u00bb border_style=\u00bbsolid\u00bb button_letter_spacing_hover=\u00bb0&#8243; saved_tabs=\u00bball\u00bb button_text_size__hover_enabled=\u00bboff\u00bb button_one_text_size__hover_enabled=\u00bboff\u00bb button_two_text_size__hover_enabled=\u00bboff\u00bb button_text_color__hover_enabled=\u00bboff\u00bb button_one_text_color__hover_enabled=\u00bboff\u00bb button_two_text_color__hover_enabled=\u00bboff\u00bb button_border_width__hover_enabled=\u00bboff\u00bb button_one_border_width__hover_enabled=\u00bboff\u00bb button_two_border_width__hover_enabled=\u00bboff\u00bb button_border_color__hover_enabled=\u00bboff\u00bb button_one_border_color__hover_enabled=\u00bboff\u00bb button_two_border_color__hover_enabled=\u00bboff\u00bb button_border_radius__hover_enabled=\u00bboff\u00bb button_one_border_radius__hover_enabled=\u00bboff\u00bb button_two_border_radius__hover_enabled=\u00bboff\u00bb button_letter_spacing__hover_enabled=\u00bbon\u00bb button_letter_spacing__hover=\u00bb0&#8243; button_one_letter_spacing__hover_enabled=\u00bboff\u00bb button_two_letter_spacing__hover_enabled=\u00bboff\u00bb button_bg_color__hover_enabled=\u00bboff\u00bb button_one_bg_color__hover_enabled=\u00bboff\u00bb button_two_bg_color__hover_enabled=\u00bboff\u00bb]<\/p>\n<h2>Dragado<\/h2>\n<p>por John Shribbs, 2021<\/p>\n<p>[\/et_pb_cta][\/et_pb_column][\/et_pb_row][et_pb_row column_structure=\u00bb1_5,3_5,1_5&#8243; padding_mobile=\u00bboff\u00bb column_padding_mobile=\u00bbon\u00bb admin_label=\u00bbFila\u00bb _builder_version=\u00bb3.25&#8243; background_size=\u00bbinitial\u00bb background_position=\u00bbtop_left\u00bb background_repeat=\u00bbrepeat\u00bb use_custom_width=\u00bbon\u00bb][et_pb_column type=\u00bb1_5&#8243; _builder_version=\u00bb3.25&#8243; custom_padding=\u00bb|||\u00bb custom_padding__hover=\u00bb|||\u00bb][\/et_pb_column][et_pb_column type=\u00bb3_5&#8243; _builder_version=\u00bb3.25&#8243; custom_padding=\u00bb|||\u00bb custom_padding__hover=\u00bb|||\u00bb][et_pb_text admin_label=\u00bbSedimentation and Dredging\u00bb _builder_version=\u00bb4.9.7&#8243; text_text_color=\u00bb#666666&#8243; text_font_size=\u00bb16&#8243; background_size=\u00bbinitial\u00bb background_position=\u00bbtop_left\u00bb background_repeat=\u00bbrepeat\u00bb hover_enabled=\u00bb0&#8243; use_border_color=\u00bboff\u00bb border_color=\u00bb#ffffff\u00bb border_style=\u00bbsolid\u00bb sticky_enabled=\u00bb0&#8243;]<\/p>\n<p><span class='et-dropcap'>El<\/span> dragado del r\u00edo se llenar\u00eda lentamente de limo y ya no ser\u00eda navegable para embarcaciones comerciales o de recreo grandes y causar\u00eda una disminuci\u00f3n en el turismo relacionado con el r\u00edo. Dado que los barcos de Petaluma proporcionaron gran parte de los huevos, productos l\u00e1cteos y heno durante la era de la fiebre del oro, nuestra ciudad tuvo la poblaci\u00f3n m\u00e1s rica de los Estados Unidos durante unos a\u00f1os. El dragado era esencial para esta industria naviera intensiva.<\/p>\n<h2>Historia temprana del dragado<\/h2>\n<p>Desde la d\u00e9cada de 1880, el Cuerpo de Ingenieros del Ej\u00e9rcito (ACOE) mejor\u00f3 y mantuvo el arroyo Petaluma para la navegaci\u00f3n. El proyecto de dragado del Cuerpo de 1930 a 1933 proporcion\u00f3 un canal de 200 pies de ancho y 8 pies de profundidad para 33,000 pies a trav\u00e9s de las marismas en la Bah\u00eda de San Pablo hasta la desembocadura del arroyo Petaluma. Durante los siguientes 69,000 pies r\u00edo arriba hasta Western Avenue en la ciudad de Petaluma, el canal se ampli\u00f3 100 pies y se profundiz\u00f3 8 pies. En esta parte del proyecto se incluy\u00f3 una cuenca giratoria de 300 pies x 400 pies, de 8 pies de profundidad. Desde Western Avenue r\u00edo arriba hasta el puente de Washington Street, el canal ahora tiene 50 pies de ancho y 4 pies de profundidad. El Distrito de San Francisco de la ACOE mantuvo el Canal de la Bah\u00eda de San Pablo en un ciclo de 144 meses y el canal del R\u00edo Superior en un ciclo de 48 meses. Sobre la base de la experiencia del Cuerpo en los \u00faltimos 50 a\u00f1os, parece que un promedio de 60,000 yardas c\u00fabicas de material se deposita en el r\u00edo cada a\u00f1o.<\/p>\n<p>Cuando la ciudad enviaba heno y huevos a San Francisco durante la era de la fiebre del oro de 1860, los capitanes de barco se jactaban de su capacidad para hacer las 80 vueltas en baja visibilidad cronometrando cada giro. Algunos eran muy afilados, y muchos barcos encallaban en el barro. Los trabajadores chinos fueron contratados para excavar partes del r\u00edo, incluida la cuenca turning que era un arco de buey y excavar un canal en el lado este de McNear Landing para expandir el atraque. El relleno de sedimentos se coloc\u00f3 en capas sobre McNear Landing para que se pudieran construir m\u00e1s muelles y acomodar m\u00e1s barcos. M\u00e1s tarde, alrededor de 1920, el Cuerpo de Ej\u00e9rcito hizo tres de cuatro cortes para eliminar varias curvas dif\u00edciles de navegar en el r\u00edo superior y as\u00ed enderezar el r\u00edo.<\/p>\n<p>Adem\u00e1s del enderezamiento del r\u00edo superior, se erigieron muchos diques para canalizar el agua y crear tierras de cultivo en las marismas anteriores, especialmente en el r\u00edo inferior. El siguiente diagrama del estudio de hidrolog\u00eda hist\u00f3rica de SFEI es un mapa topol\u00f3gico temprano que muestra la sinuosidad del r\u00edo superior.<\/p>\n<p><img loading=\"lazy\" decoding=\"async\" class=\"wp-image-241902 aligncenter size-full\" src=\"https:\/\/petalumawetlands.org\/wp-content\/uploads\/2021\/06\/SFEI-early-map-of-river.jpg\" alt=\"\" width=\"501\" height=\"597\" srcset=\"https:\/\/petalumawetlands.org\/wp-content\/uploads\/2021\/06\/SFEI-early-map-of-river.jpg 501w, https:\/\/petalumawetlands.org\/wp-content\/uploads\/2021\/06\/SFEI-early-map-of-river-480x572.jpg 480w\" sizes=\"(min-width: 0px) and (max-width: 480px) 480px, (min-width: 481px) 501px, 100vw\" \/><\/p>\n<h2>El r\u00edo fue enderezado y canalizado.<\/h2>\n<p>Esta siguiente imagen satelital de Google Earth de la parte superior del r\u00edo Petaluma muestra d\u00f3nde se hicieron los cortes rectos. Las curvas anteriores se convierten en parte de la marisma, pero a\u00fan son visibles debido a la diferente tierra y vegetaci\u00f3n. Se pueden ver zonas de color marr\u00f3n oscuro por donde sol\u00eda pasar el r\u00edo que ahora forman parte de las marismas o marismas.<\/p>\n<p><img loading=\"lazy\" decoding=\"async\" class=\"wp-image-241905 aligncenter size-full\" src=\"https:\/\/petalumawetlands.org\/wp-content\/uploads\/2021\/06\/Google-Earth-image-of-upper-river.jpg\" alt=\"\" width=\"335\" height=\"740\" srcset=\"https:\/\/petalumawetlands.org\/wp-content\/uploads\/2021\/06\/Google-Earth-image-of-upper-river.jpg 335w, https:\/\/petalumawetlands.org\/wp-content\/uploads\/2021\/06\/Google-Earth-image-of-upper-river-136x300.jpg 136w\" sizes=\"(max-width: 335px) 100vw, 335px\" \/><\/p>\n<p>El siguiente diagrama del estudio de hidrolog\u00eda hist\u00f3rica de SFEI muestra c\u00f3mo se cambi\u00f3 el r\u00edo con el tiempo. El agua ahora se mueve m\u00e1s r\u00e1pido en un canal m\u00e1s estrecho que lleva m\u00e1s sedimentos m\u00e1s lejos. Los kayakistas deben tener cuidado cuando el agua se mueve m\u00e1s r\u00e1pido en los momentos de marea media en los tramos m\u00e1s bajos.<\/p>\n<p><img loading=\"lazy\" decoding=\"async\" class=\"wp-image-241901 aligncenter size-full\" src=\"https:\/\/petalumawetlands.org\/wp-content\/uploads\/2021\/06\/SFEI-shape-of-river.jpg\" alt=\"\" width=\"544\" height=\"708\" srcset=\"https:\/\/petalumawetlands.org\/wp-content\/uploads\/2021\/06\/SFEI-shape-of-river.jpg 544w, https:\/\/petalumawetlands.org\/wp-content\/uploads\/2021\/06\/SFEI-shape-of-river-480x625.jpg 480w\" sizes=\"(min-width: 0px) and (max-width: 480px) 480px, (min-width: 481px) 544px, 100vw\" \/><\/p>\n<h2>&nbsp;<\/h2>\n<h2>C\u00f3mo funciona el dragado<\/h2>\n<p><img loading=\"lazy\" decoding=\"async\" class=\"wp-image-241911 alignleft size-full\" src=\"https:\/\/petalumawetlands.org\/wp-content\/uploads\/2021\/06\/GM-pic-of-dredger.jpg\" alt=\"\" width=\"225\" height=\"145\">El dragado se realiza t\u00edpicamente en oto\u00f1o para proteger las especies de peces migratorios. Un barco dragador tiene algunas caracter\u00edsticas \u00fanicas. Una \u00ablicuadora\u00bb de 3 a 4 pies de di\u00e1metro y muchos pies de largo corta los sedimentos a medida que avanza lentamente hacia adelante y hacia atr\u00e1s. Se agrega constantemente una corriente de agua superficial para diluir la mezcla de agua y escombros. La suspensi\u00f3n resultante se bombea a trav\u00e9s de un sistema de tuber\u00edas flexible de hasta tres millas de largo y 24 pulgadas de di\u00e1metro. Durante a\u00f1os, este proceso entreg\u00f3 lodos al estanque central de Shollenberger, oficialmente un sitio de desechos industriales. El bot\u00edn de dragado se puede utilizar como vertederos y suelos dise\u00f1ados para carreteras y diques.<\/p>\n<p><img loading=\"lazy\" decoding=\"async\" class=\"wp-image-241910 alignleft size-full\" src=\"https:\/\/petalumawetlands.org\/wp-content\/uploads\/2021\/06\/GM-pipeline.jpg\" alt=\"\" width=\"229\" height=\"148\">En este punto, el lodo es de aproximadamente 10 a 15 por ciento de sedimentos, y el resto es agua de r\u00edo. En 2003, las aves se reunieron alrededor del emisario de dragado porque era muy rico en peces e invertebrados que comen inmediatamente y durante muchos meses despu\u00e9s. Mam\u00edferos como nutrias de r\u00edo, ratas almizcleras, mapaches y zorrillos tambi\u00e9n pueden unirse a la fiesta. Los restos de esta fiesta se degradan r\u00e1pidamente a detritus, lo que enriquece el agua para estimular el crecimiento de plantas e invertebrados. Si el estanque se llena demasiado, parte del agua se desnatar\u00e1 (decantar\u00e1) de la superficie despu\u00e9s de que el sedimento se haya asentado. Esta agua decantada se libera a trav\u00e9s de compuertas de agua en Adobe Creek, que la devuelve al r\u00edo.<\/p>\n<p><img loading=\"lazy\" decoding=\"async\" class=\"wp-image-241909 alignleft size-full\" src=\"https:\/\/petalumawetlands.org\/wp-content\/uploads\/2021\/06\/GM-dredge-spoils-outflow.jpg\" alt=\"\" width=\"224\" height=\"144\"><\/p>\n<p>3 im\u00e1genes de Gerald Moore de dragado de 2003<\/p>\n<p>&nbsp;<\/p>\n<p>&nbsp;<\/p>\n<p>&nbsp;<\/p>\n<p>El dragado es necesario peri\u00f3dicamente y utiliza equipos costosos y requiere varias habilidades, por lo que la mayor\u00eda de las operaciones de dragado son llevadas a cabo por contratistas profesionales. Los siguientes videos de las compa\u00f1\u00edas de dragado ilustran la mec\u00e1nica de c\u00f3mo funciona el dragado.<\/p>\n<p><iframe loading=\"lazy\" title=\"YouTube video player\" src=\"https:\/\/www.youtube.com\/embed\/MsPbGXwad0w\" width=\"768\" height=\"432\" frameborder=\"0\" allowfullscreen=\"allowfullscreen\"><\/iframe><\/p>\n<p>&nbsp;<br \/><iframe loading=\"lazy\" title=\"YouTube video player\" src=\"https:\/\/www.youtube.com\/embed\/Ho427Fixap8\" width=\"768\" height=\"432\" frameborder=\"0\" allowfullscreen=\"allowfullscreen\"><\/iframe><\/p>\n<h2>Historia reciente del dragado<\/h2>\n<p>Debido a problemas de financiaci\u00f3n, los trabajos previstos para 2000 no se iniciaron hasta 2002 y finalizaron en 2003. El dragado se suspendi\u00f3 durante 17 a\u00f1os. La justificaci\u00f3n para pagar por el dragado proviene del tonelaje comercial de tres empresas que utilizan el r\u00edo en Petaluma: Dutra Materials, Jerico Products y Shamrock Materials. Aunque es menos un salvavidas de lo que era hace un siglo, el r\u00edo todav\u00eda aporta un estimado de $ 10 millones anuales a la econom\u00eda local a trav\u00e9s de usos comerciales y recreativos. La continua reducci\u00f3n del tr\u00e1fico fluvial a lo largo del tiempo ha dado lugar a que el Cuerpo de Ej\u00e9rcito rebaje el valor econ\u00f3mico del dragado del r\u00edo Petaluma en comparaci\u00f3n con otras v\u00edas fluviales. El costo del dragado ha aumentado de aproximadamente $ 1 por yarda c\u00fabica a entre $ 25 y $ 30 por yarda c\u00fabica.<\/p>\n<p>Despu\u00e9s del dragado de 2003, el USACE decidi\u00f3 que los costos superaban los beneficios y dej\u00f3 de dragar. Despu\u00e9s de una pausa de 17 a\u00f1os, el r\u00edo fue dragado en 2020 y se eliminaron m\u00e1s de 200,000 yds c\u00fabicos de sedimentos con un presupuesto de m\u00e1s de $ 10 millones.<\/p>\n<h3>Dragado Oto\u00f1o 2020<\/h3>\n<p>El dragado de 2020 fue realizado por una compa\u00f1\u00eda de San Diego utilizando equipos el\u00e9ctricos.<\/p>\n<p style=\"text-align: center;\"><img loading=\"lazy\" decoding=\"async\" class=\"wp-image-241912 aligncenter size-full\" src=\"https:\/\/petalumawetlands.org\/wp-content\/uploads\/2021\/06\/LN-dredging-2020.jpg\" alt=\"\" width=\"468\" height=\"351\" srcset=\"https:\/\/petalumawetlands.org\/wp-content\/uploads\/2021\/06\/LN-dredging-2020.jpg 468w, https:\/\/petalumawetlands.org\/wp-content\/uploads\/2021\/06\/LN-dredging-2020-465x349.jpg 465w, https:\/\/petalumawetlands.org\/wp-content\/uploads\/2021\/06\/LN-dredging-2020-300x225.jpg 300w\" sizes=\"(max-width: 468px) 100vw, 468px\" \/><br \/>Imagen de la draga utilizada en 2021. Foto por Len Nelson.<\/p>\n<p><img loading=\"lazy\" decoding=\"async\" class=\"wp-image-241903 aligncenter size-full\" src=\"https:\/\/petalumawetlands.org\/wp-content\/uploads\/2021\/06\/JS-Dredger-2020.jpg\" alt=\"\" width=\"624\" height=\"378\" srcset=\"https:\/\/petalumawetlands.org\/wp-content\/uploads\/2021\/06\/JS-Dredger-2020.jpg 624w, https:\/\/petalumawetlands.org\/wp-content\/uploads\/2021\/06\/JS-Dredger-2020-480x291.jpg 480w\" sizes=\"(min-width: 0px) and (max-width: 480px) 480px, (min-width: 481px) 624px, 100vw\" \/><\/p>\n<p style=\"text-align: center;\">Imagen de la draga con un taladro extendido en la cuenca de torneado. Foto por John Shribbs.<\/p>\n<p>La operaci\u00f3n es explicada en este video por el ingeniero de la ciudad que supervisa el proyecto.<\/p>\n<p><iframe loading=\"lazy\" width=\"560\" height=\"315\" src=\"https:\/\/www.youtube.com\/embed\/23PA4sbKk-Q\" title=\"YouTube video player\" frameborder=\"0\" allow=\"accelerometer; autoplay; clipboard-write; encrypted-media; gyroscope; picture-in-picture\" allowfullscreen=\"\"><\/iframe><\/p>\n<p>La siguiente imagen muestra el estanque central de Shollenberger lleno de escombros de dragado en 2021. La mayor parte de los sedimentos y la basura cayeron de la tuber\u00eda en el lado oeste cerca del r\u00edo. Se instalaron diques para ralentizar el agua y el deterioro para que los sedimentos caigan y el agua pueda moverse hacia el otro lado, donde se libera de nuevo al r\u00edo. Imagen de dron de Bob Caruso.<\/p>\n<p><img loading=\"lazy\" decoding=\"async\" class=\"wp-image-241904 aligncenter size-full\" src=\"https:\/\/petalumawetlands.org\/wp-content\/uploads\/2021\/06\/BC-drone-shot-of-SP-2020.jpg\" alt=\"Drone shot of SP 2020\" width=\"624\" height=\"354\" srcset=\"https:\/\/petalumawetlands.org\/wp-content\/uploads\/2021\/06\/BC-drone-shot-of-SP-2020.jpg 624w, https:\/\/petalumawetlands.org\/wp-content\/uploads\/2021\/06\/BC-drone-shot-of-SP-2020-480x272.jpg 480w\" sizes=\"(min-width: 0px) and (max-width: 480px) 480px, (min-width: 481px) 624px, 100vw\" \/><\/p>\n<p>La imagen de abajo es agua que se airea antes de ser liberada de nuevo en el flujo del r\u00edo. Imagen de dron de Bob Caruso.<\/p>\n<p><img loading=\"lazy\" decoding=\"async\" class=\"wp-image-241908 aligncenter size-large\" src=\"https:\/\/petalumawetlands.org\/wp-content\/uploads\/2021\/06\/BC-aeration-of-water-drone-shot-1024x769.jpg\" alt=\"Aeration of water drone shot\" width=\"1024\" height=\"769\" srcset=\"https:\/\/petalumawetlands.org\/wp-content\/uploads\/2021\/06\/BC-aeration-of-water-drone-shot-1024x769.jpg 1024w, https:\/\/petalumawetlands.org\/wp-content\/uploads\/2021\/06\/BC-aeration-of-water-drone-shot-980x736.jpg 980w, https:\/\/petalumawetlands.org\/wp-content\/uploads\/2021\/06\/BC-aeration-of-water-drone-shot-480x360.jpg 480w\" sizes=\"(min-width: 0px) and (max-width: 480px) 480px, (min-width: 481px) and (max-width: 980px) 980px, (min-width: 981px) 1024px, 100vw\" \/><\/p>\n<p>La basura de todo tipo sale con el reciente bot\u00edn de dragado, incluidos peque\u00f1os trozos de pl\u00e1stico, botellas, bolsas de pl\u00e1stico, piezas de cajas, neum\u00e1ticos, juguetes, pelotas, flotaci\u00f3n en el muelle, piezas de botes e incluso piezas de autom\u00f3viles. El dragado futuro tendr\u00e1 que recoger estos escombros hechos por el hombre antes de la deposici\u00f3n. PWA lidera el esfuerzo de la comunidad para recoger los escombros del estanque central rodeado por la pasarela del Parque Shollenberger. Se organizaron m\u00e1s de 14 sesiones de 2 horas cada una y un promedio de 10 voluntarios se unieron al esfuerzo cada d\u00eda. Cada d\u00eda, se retiraba una camioneta.<\/p>\n<p><img loading=\"lazy\" decoding=\"async\" class=\"wp-image-241906 aligncenter size-large\" src=\"https:\/\/petalumawetlands.org\/wp-content\/uploads\/2021\/06\/JS-trash-cleanup-2021-1024x768.jpg\" alt=\"Trash cleanup 2021\" width=\"1024\" height=\"768\" srcset=\"https:\/\/petalumawetlands.org\/wp-content\/uploads\/2021\/06\/JS-trash-cleanup-2021-980x735.jpg 980w, https:\/\/petalumawetlands.org\/wp-content\/uploads\/2021\/06\/JS-trash-cleanup-2021-480x360.jpg 480w\" sizes=\"(min-width: 0px) and (max-width: 480px) 480px, (min-width: 481px) and (max-width: 980px) 980px, (min-width: 981px) 1024px, 100vw\" \/><\/p>\n<p style=\"text-align: center;\">Imagen de voluntarios con acarreo de basura de Central Pond. Foto por John Shribbs.<\/p>\n<p>Este video es una entrevista con la alcaldesa de Petaluma, Teressa Barrett.<\/p>\n<p><iframe loading=\"lazy\" width=\"560\" height=\"315\" src=\"https:\/\/www.youtube.com\/embed\/DyGM2pI7Uz0\" title=\"YouTube video player\" frameborder=\"0\" allow=\"accelerometer; autoplay; clipboard-write; encrypted-media; gyroscope; picture-in-picture\" allowfullscreen=\"\"><\/iframe><\/p>\n<h2>Dragado futuro<\/h2>\n<p>Los problemas asociados con la sedimentaci\u00f3n y las inundaciones, reconocidos hace m\u00e1s de un siglo, todav\u00eda existen hoy en d\u00eda. El limo contin\u00faa acumul\u00e1ndose.<\/p>\n<p>El Cuerpo de Ej\u00e9rcito realiz\u00f3 el dragado de 2020 con la condici\u00f3n de que la ciudad se haga cargo de todas las operaciones de dragado en el futuro. Cavar canales m\u00e1s profundos y anchos y enderezar las curvas para mejorar el tr\u00e1fico fluvial cambia el sistema natural. La naturaleza responde rellenando cualquier sedimento que eliminamos del fondo del canal para devolverlo a su equilibrio natural hist\u00f3rico. El dragado continuo, a\u00f1o tras a\u00f1o, es costoso, por lo que necesitamos equilibrar el valor econ\u00f3mico y revisar su sostenibilidad. La ciudad necesita sopesar los costos del dragado continuo y peri\u00f3dico contra los beneficios econ\u00f3micos para obtener un retorno de la inversi\u00f3n.<\/p>\n<p>Es responsabilidad de la ciudad encontrar un sitio de escombros de dragado para las aproximadamente 250,000 yardas c\u00fabicas de lodo que se eliminar\u00e1n del lecho del r\u00edo. La ciudad planea utilizar estos despojos de dragado para la restauraci\u00f3n del h\u00e1bitat. A largo plazo, la ciudad est\u00e1 trabajando para establecer una asociaci\u00f3n regional innovadora con la Agencia de Agua del Condado de Sonoma, el Condado de Marin, la Ciudad de San Rafael, el Distrito de Control de Inundaciones de Napa y el Cuerpo del Ej\u00e9rcito para dragar una serie de canales pasados por alto a trav\u00e9s de la Bah\u00eda Norte.<\/p>\n<h3>Referencias y fuentes de material<\/h3>\n<p>Baumgarten SA, Clark EE, Dusterhoff SR, Grossinger RM, Askevold RA. 2018. Estudio Hist\u00f3rico de Hidrolog\u00eda y Ecolog\u00eda del Valle de Petaluma. Preparado para el Distrito de Conservaci\u00f3n de Recursos de Sonoma y la Agencia de Protecci\u00f3n Ambiental de los Estados Unidos. Un informe del Programa de Paisajes Resilientes de SFEI-ASC, Publicaci\u00f3n SFEI # 861, Instituto del Estuario de San Francisco, Richmond, CA.  <a href=\"https:\/\/www.sfei.org\/documents\/petaluma-valley-historical-hydrology-and-ecology-study\" target=\"_blank\" rel=\"noopener\">Disponible en l\u00ednea aqu\u00ed.<\/a><\/p>\n<p>&nbsp;<\/p>\n<p>[\/et_pb_text][\/et_pb_column][et_pb_column type=\u00bb1_5&#8243; _builder_version=\u00bb3.25&#8243; custom_padding=\u00bb|||\u00bb custom_padding__hover=\u00bb|||\u00bb][\/et_pb_column][\/et_pb_row][\/et_pb_section]<\/p>\n","protected":false},"excerpt":{"rendered":"<p>Dragado por John Shribbs, 2021<span class='et-dropcap'>El<\/span> dragado del r\u00edo se llenar\u00eda lentamente de limo y ya no ser\u00eda navegable para embarcaciones comerciales o de recreo grandes y causar\u00eda una disminuci\u00f3n en el turismo relacionado con el r\u00edo. Dado que los barcos de Petaluma proporcionaron gran parte de los huevos, productos l\u00e1cteos y heno durante la era [&hellip;]<\/p>\n","protected":false},"author":2,"featured_media":0,"parent":0,"menu_order":0,"comment_status":"closed","ping_status":"closed","template":"","meta":{"give_campaign_id":0,"_et_pb_use_builder":"on","_et_pb_old_content":"","_et_gb_content_width":"","ngg_post_thumbnail":0,"footnotes":""},"class_list":["post-243514","page","type-page","status-publish","hentry"],"campaignId":"","_links":{"self":[{"href":"https:\/\/petalumawetlands.org\/es\/wp-json\/wp\/v2\/pages\/243514","targetHints":{"allow":["GET"]}}],"collection":[{"href":"https:\/\/petalumawetlands.org\/es\/wp-json\/wp\/v2\/pages"}],"about":[{"href":"https:\/\/petalumawetlands.org\/es\/wp-json\/wp\/v2\/types\/page"}],"author":[{"embeddable":true,"href":"https:\/\/petalumawetlands.org\/es\/wp-json\/wp\/v2\/users\/2"}],"replies":[{"embeddable":true,"href":"https:\/\/petalumawetlands.org\/es\/wp-json\/wp\/v2\/comments?post=243514"}],"version-history":[{"count":0,"href":"https:\/\/petalumawetlands.org\/es\/wp-json\/wp\/v2\/pages\/243514\/revisions"}],"wp:attachment":[{"href":"https:\/\/petalumawetlands.org\/es\/wp-json\/wp\/v2\/media?parent=243514"}],"curies":[{"name":"wp","href":"https:\/\/api.w.org\/{rel}","templated":true}]}}